{"id":2,"date":"2025-01-08T12:48:44","date_gmt":"2025-01-08T11:48:44","guid":{"rendered":"http:\/\/allerscan.pl\/?page_id=2"},"modified":"2025-07-10T13:20:30","modified_gmt":"2025-07-10T11:20:30","slug":"intro","status":"publish","type":"page","link":"https:\/\/allerscan.pl\/","title":{"rendered":""},"content":{"rendered":"\n<div class=\"wp-block-columns is-layout-flex wp-container-core-columns-is-layout-28f84493 wp-block-columns-is-layout-flex\">\n<div class=\"wp-block-column is-layout-flow wp-block-column-is-layout-flow\">\n<figure class=\"wp-block-image size-full\"><img loading=\"lazy\" decoding=\"async\" width=\"446\" height=\"172\" src=\"https:\/\/allerscan.pl\/wp-content\/uploads\/2025\/01\/uniwersytet_medyczny.png\" alt=\"\" class=\"wp-image-7\" srcset=\"https:\/\/allerscan.pl\/wp-content\/uploads\/2025\/01\/uniwersytet_medyczny.png 446w, https:\/\/allerscan.pl\/wp-content\/uploads\/2025\/01\/uniwersytet_medyczny-300x116.png 300w\" sizes=\"auto, (max-width: 446px) 100vw, 446px\" \/><\/figure>\n<\/div>\n\n\n\n<div class=\"wp-block-column is-layout-flow wp-block-column-is-layout-flow\">\n<figure class=\"wp-block-image alignright size-full\"><img loading=\"lazy\" decoding=\"async\" width=\"305\" height=\"143\" src=\"https:\/\/allerscan.pl\/wp-content\/uploads\/2025\/01\/logo_allerscan.png\" alt=\"\" class=\"wp-image-8\" srcset=\"https:\/\/allerscan.pl\/wp-content\/uploads\/2025\/01\/logo_allerscan.png 305w, https:\/\/allerscan.pl\/wp-content\/uploads\/2025\/01\/logo_allerscan-300x141.png 300w\" sizes=\"auto, (max-width: 305px) 100vw, 305px\" \/><\/figure>\n<\/div>\n<\/div>\n\n\n\n<hr class=\"wp-block-separator has-alpha-channel-opacity\"\/>\n\n\n\n<div style=\"height:50px\" aria-hidden=\"true\" class=\"wp-block-spacer\"><\/div>\n\n\n\n<p class=\"has-text-align-center\" style=\"font-size:24px\"><strong>ALLERscan to innowacyjny projekt naukowo-badawczy, dotycz\u0105cy diagnostyki chor\u00f3b alergicznych u dzieci. <\/strong><br>Uzyskane podczas badania wyniki pozwol\u0105 na opracowanie nowoczesnego narz\u0119dzia do wczesnej diagnostyki chor\u00f3b alergicznych oraz b\u0119d\u0105 cz\u0119\u015bci\u0105 og\u00f3lnopolskiego reprezentatywnego badania epidemiologii w Polsce.<\/p>\n\n\n\n<div style=\"height:40px\" aria-hidden=\"true\" class=\"wp-block-spacer\"><\/div>\n\n\n\n<hr class=\"wp-block-separator has-alpha-channel-opacity\"\/>\n\n\n\n<div style=\"height:28px\" aria-hidden=\"true\" class=\"wp-block-spacer\"><\/div>\n\n\n\n<p class=\"has-text-align-center\" style=\"font-size:22px\">W zwi\u0105zku z realizacj\u0105 projektu zwracamy si\u0119 z pro\u015bb\u0105 o wype\u0142nienie kr\u00f3tkiej ankiety (czas wype\u0142niania to ok. 5-7 minut).<br>Do wype\u0142nienia ankiety potrzebne b\u0119d\u0105 ostatnie 4-ry cyfry numeru PESEL pacjenta. Upewnij si\u0119, czy lekarz r\u00f3wnie\u017c wype\u0142ni\u0142 ankiet\u0119.<\/p>\n\n\n\n<div style=\"height:20px\" aria-hidden=\"true\" class=\"wp-block-spacer\"><\/div>\n\n\n\n<div class=\"wp-block-columns are-vertically-aligned-center is-layout-flex wp-container-core-columns-is-layout-28f84493 wp-block-columns-is-layout-flex\">\n<div class=\"wp-block-column is-vertically-aligned-center is-layout-flow wp-block-column-is-layout-flow\">\n<figure class=\"wp-block-image size-full\"><a href=\"https:\/\/cawi.epanel.pl\/1fd1a3c29a9b50f0b9f7aac44ed49950.pg?zrodlo=4\" target=\"_blank\"><img loading=\"lazy\" decoding=\"async\" width=\"771\" height=\"361\" src=\"https:\/\/allerscan.pl\/wp-content\/uploads\/2025\/07\/kliknij-3.png\" alt=\"\" class=\"wp-image-144\" srcset=\"https:\/\/allerscan.pl\/wp-content\/uploads\/2025\/07\/kliknij-3.png 771w, https:\/\/allerscan.pl\/wp-content\/uploads\/2025\/07\/kliknij-3-300x140.png 300w, https:\/\/allerscan.pl\/wp-content\/uploads\/2025\/07\/kliknij-3-768x360.png 768w\" sizes=\"auto, (max-width: 771px) 100vw, 771px\" \/><\/a><\/figure>\n<\/div>\n\n\n\n<div class=\"wp-block-column is-vertically-aligned-center is-layout-flow wp-block-column-is-layout-flow\">\n<p class=\"tekst2\" style=\"font-size:22px\">Uzyskane wyniki pozwol\u0105 na opracowanie nowoczesnego narz\u0119dzia do wczesnej diagnostyki chor\u00f3b alergicznych oraz b\u0119d\u0105 cz\u0119\u015bci\u0105 og\u00f3lnopolskiego reprezentatywnego badania epidemiologii w Polsce.<br>Ankieta jest zgodna z wymogami Rozporz\u0105dzenia o Ochronie Danych Osobowych (RODO). W ramach tej ankiety nie pozyskujemy, nie przechowujemy ani nie przetwarzamy danych osobowych, w tym danych wra\u017cliwych. Odpowiedzi udzielone w ankiecie s\u0105 ca\u0142kowicie anonimowe i s\u0142u\u017c\u0105 wy\u0142\u0105cznie do cel\u00f3w statystycznych oraz analitycznych.<\/p>\n<\/div>\n<\/div>\n\n\n\n<div style=\"height:18px\" aria-hidden=\"true\" class=\"wp-block-spacer\"><\/div>\n\n\n\n<hr class=\"wp-block-separator has-alpha-channel-opacity\"\/>\n\n\n\n<p class=\"has-text-align-center\"><strong>KONTAKT<\/strong><\/p>\n\n\n\n<p class=\"has-text-align-center\" style=\"font-size:14px\">W przypadku gdyby potrzebowali Pa\u0144stwo uzyska\u0107 wi\u0119cej informacji lub zg\u0142osi\u0107 pojawiaj\u0105cy si\u0119 problem, prosimy o kontakt:<br><br> allerscan@arc.com.pl<br><br> +48 603 770 425<\/p>\n\n\n\n<hr class=\"wp-block-separator has-alpha-channel-opacity\"\/>\n\n\n\n<div style=\"height:40px\" aria-hidden=\"true\" class=\"wp-block-spacer\"><\/div>\n\n\n\n<div class=\"wp-block-columns is-layout-flex wp-container-core-columns-is-layout-28f84493 wp-block-columns-is-layout-flex\">\n<div class=\"wp-block-column is-layout-flow wp-block-column-is-layout-flow\">\n<div class=\"wp-block-columns is-layout-flex wp-container-core-columns-is-layout-28f84493 wp-block-columns-is-layout-flex\">\n<div class=\"wp-block-column is-layout-flow wp-block-column-is-layout-flow\" style=\"flex-basis:33.33%\">\n<figure class=\"wp-block-image alignleft size-full\"><img loading=\"lazy\" decoding=\"async\" width=\"105\" height=\"145\" src=\"https:\/\/allerscan.pl\/wp-content\/uploads\/2025\/01\/arc.png\" alt=\"\" class=\"wp-image-9\"\/><\/figure>\n<\/div>\n\n\n\n<div class=\"wp-block-column is-layout-flow wp-block-column-is-layout-flow\" style=\"flex-basis:66.66%\">\n<p class=\"has-small-font-size\">Badanie realizowane jest przez Warszawski Uniwersytet Medyczny (Klinika Alergologii i Pneumonologii Wieku Dzieci\u0119cego) oraz agencj\u0119 badawcz\u0105 ARC Rynek i Opinia.<\/p>\n<\/div>\n<\/div>\n<\/div>\n\n\n\n<div class=\"wp-block-column is-layout-flow wp-block-column-is-layout-flow\">\n<p class=\"has-text-align-left has-small-font-size\">Badanie realizowane dzi\u0119ki wsparciu:<\/p>\n\n\n\n<figure class=\"wp-block-image alignleft size-full\"><img loading=\"lazy\" decoding=\"async\" width=\"241\" height=\"63\" src=\"https:\/\/allerscan.pl\/wp-content\/uploads\/2025\/01\/polpharma.png\" alt=\"\" class=\"wp-image-10\"\/><\/figure>\n<\/div>\n<\/div>\n\n\n\n<p><\/p>\n","protected":false},"excerpt":{"rendered":"<p>ALLERscan to innowacyjny projekt naukowo-badawczy, dotycz\u0105cy diagnostyki chor\u00f3b alergicznych u dzieci. Uzyskane podczas badania wyniki pozwol\u0105 na opracowanie nowoczesnego narz\u0119dzia do wczesnej diagnostyki chor\u00f3b alergicznych oraz b\u0119d\u0105 cz\u0119\u015bci\u0105 og\u00f3lnopolskiego reprezentatywnego badania epidemiologii w Polsce. W zwi\u0105zku z realizacj\u0105 projektu zwracamy si\u0119 z pro\u015bb\u0105 o wype\u0142nienie kr\u00f3tkiej ankiety (czas wype\u0142niania to ok. 5-7 minut).Do wype\u0142nienia ankiety [&hellip;]<\/p>\n","protected":false},"author":1,"featured_media":0,"parent":0,"menu_order":0,"comment_status":"closed","ping_status":"closed","template":"","meta":{"footnotes":""},"class_list":["post-2","page","type-page","status-publish","hentry"],"_links":{"self":[{"href":"https:\/\/allerscan.pl\/index.php?rest_route=\/wp\/v2\/pages\/2","targetHints":{"allow":["GET"]}}],"collection":[{"href":"https:\/\/allerscan.pl\/index.php?rest_route=\/wp\/v2\/pages"}],"about":[{"href":"https:\/\/allerscan.pl\/index.php?rest_route=\/wp\/v2\/types\/page"}],"author":[{"embeddable":true,"href":"https:\/\/allerscan.pl\/index.php?rest_route=\/wp\/v2\/users\/1"}],"replies":[{"embeddable":true,"href":"https:\/\/allerscan.pl\/index.php?rest_route=%2Fwp%2Fv2%2Fcomments&post=2"}],"version-history":[{"count":70,"href":"https:\/\/allerscan.pl\/index.php?rest_route=\/wp\/v2\/pages\/2\/revisions"}],"predecessor-version":[{"id":165,"href":"https:\/\/allerscan.pl\/index.php?rest_route=\/wp\/v2\/pages\/2\/revisions\/165"}],"wp:attachment":[{"href":"https:\/\/allerscan.pl\/index.php?rest_route=%2Fwp%2Fv2%2Fmedia&parent=2"}],"curies":[{"name":"wp","href":"https:\/\/api.w.org\/{rel}","templated":true}]}}